{"id":11721,"date":"2025-05-12T08:04:01","date_gmt":"2025-05-12T08:04:01","guid":{"rendered":"https:\/\/mmp2eksamen.gaiascandinavia.dk\/?page_id=32"},"modified":"2025-05-12T08:04:01","modified_gmt":"2025-05-12T08:04:01","slug":"kontakt-cooks-aaben-7-dage-om-ugen-book-bord-eller-faa-svar-nu","status":"publish","type":"page","link":"https:\/\/restaurantcooks.dk\/?page_id=11721","title":{"rendered":"KONTAKT"},"content":{"rendered":"\t\t<div data-elementor-type=\"wp-page\" data-elementor-id=\"11721\" class=\"elementor elementor-11721\">\n\t\t\t\t<div class=\"elementor-element elementor-element-7017306 e-flex e-con-boxed e-con e-parent\" data-id=\"7017306\" data-element_type=\"container\" data-e-type=\"container\" data-settings=\"{&quot;background_background&quot;:&quot;classic&quot;}\">\n\t\t\t\t\t<div class=\"e-con-inner\">\n\t\t\t\t\t<\/div>\n\t\t\t\t<\/div>\n\t\t<div class=\"elementor-element elementor-element-0ac7a55 e-flex e-con-boxed e-con e-parent\" data-id=\"0ac7a55\" data-element_type=\"container\" data-e-type=\"container\" data-settings=\"{&quot;background_background&quot;:&quot;classic&quot;}\">\n\t\t\t\t\t<div class=\"e-con-inner\">\n\t\t<div class=\"elementor-element elementor-element-3f9e4a7 e-con-full e-flex e-con e-child\" data-id=\"3f9e4a7\" data-element_type=\"container\" data-e-type=\"container\">\n\t\t\t\t<div class=\"elementor-element elementor-element-a1f14d2 elementor-widget__width-initial elementor-widget-mobile__width-initial elementor-widget elementor-widget-image\" data-id=\"a1f14d2\" data-element_type=\"widget\" data-e-type=\"widget\" data-widget_type=\"image.default\">\n\t\t\t\t\t\t\t\t\t\t\t\t\t\t\t<img decoding=\"async\" src=\"http:\/\/mmp2eksamen.gaiascandinavia.dk\/wp-content\/uploads\/2025\/05\/Cooks.webp\" title=\"\" alt=\"Restaurant Cooks Indgang\" loading=\"lazy\" \/>\t\t\t\t\t\t\t\t\t\t\t\t\t\t\t<\/div>\n\t\t\t\t<\/div>\n\t\t<div class=\"elementor-element elementor-element-f92d78c e-con-full e-flex e-con e-child\" data-id=\"f92d78c\" data-element_type=\"container\" data-e-type=\"container\">\n\t\t\t\t<div class=\"elementor-element elementor-element-eb6b936 elementor-widget elementor-widget-heading\" data-id=\"eb6b936\" data-element_type=\"widget\" data-e-type=\"widget\" data-widget_type=\"heading.default\">\n\t\t\t\t\t<h2 class=\"elementor-heading-title elementor-size-default\">kONTAKT<\/h2>\t\t\t\t<\/div>\n\t\t\t\t<div class=\"elementor-element elementor-element-4524f51 elementor-widget elementor-widget-text-editor\" data-id=\"4524f51\" data-element_type=\"widget\" data-e-type=\"widget\" data-widget_type=\"text-editor.default\">\n\t\t\t\t\t\t\t\t\t<p>Enghaven 10, 7500 Holstebro, Danmark<\/p>\n<p>cooks@restaurant-cooks.dk<\/p><h2 data-elementor-setting-key=\"title\" data-pen-placeholder=\"Skriv her...\" style=\"font-size: 13px; font-style: normal; font-weight: 300; color: rgb(0, 90, 0); line-height: 1.5rem; letter-spacing: 1.8px;\"><span style=\"font-weight: bold; letter-spacing: 1.8px; text-decoration-line: initial;\">+ (45) 97 40 47 29<\/span><\/h2>\t\t\t\t\t\t\t\t<\/div>\n\t\t\t\t<div class=\"elementor-element elementor-element-50b4e23 elementor-view-default elementor-widget elementor-widget-icon\" data-id=\"50b4e23\" data-element_type=\"widget\" data-e-type=\"widget\" data-widget_type=\"icon.default\">\n\t\t\t\t\t\t\t<div class=\"elementor-icon-wrapper\">\n\t\t\t<div class=\"elementor-icon\">\n\t\t\t<svg xmlns=\"http:\/\/www.w3.org\/2000\/svg\" width=\"800px\" height=\"800px\" viewBox=\"0 0 16 16\" fill=\"none\"><g id=\"SVGRepo_bgCarrier\" stroke-width=\"0\"><\/g><g id=\"SVGRepo_tracerCarrier\" stroke-linecap=\"round\" stroke-linejoin=\"round\"><\/g><g id=\"SVGRepo_iconCarrier\"><circle cx=\"8\" cy=\"8\" r=\"8\" fill=\"#D9D9D9\"><\/circle><\/g><\/svg>\t\t\t<\/div>\n\t\t<\/div>\n\t\t\t\t\t\t<\/div>\n\t\t\t\t<div class=\"elementor-element elementor-element-14a511d elementor-widget elementor-widget-heading\" data-id=\"14a511d\" data-element_type=\"widget\" data-e-type=\"widget\" data-widget_type=\"heading.default\">\n\t\t\t\t\t<h2 class=\"elementor-heading-title elementor-size-default\">\u00e5BNINGSTIDER<\/h2>\t\t\t\t<\/div>\n\t\t\t\t<div class=\"elementor-element elementor-element-89812f9 elementor-widget elementor-widget-text-editor\" data-id=\"89812f9\" data-element_type=\"widget\" data-e-type=\"widget\" data-widget_type=\"text-editor.default\">\n\t\t\t\t\t\t\t\t\t<p>Mandag til Torsdag: 11.00 til 21:30<br \/>Fredag til L\u00f8rdag: 11.00 til 22:30<br \/>S\u00f8ndag: 12:00 til 21:00<\/p>\t\t\t\t\t\t\t\t<\/div>\n\t\t\t\t<\/div>\n\t\t\t\t\t<\/div>\n\t\t\t\t<\/div>\n\t\t<div class=\"elementor-element elementor-element-2dc1347 e-con-full e-flex e-con e-parent\" data-id=\"2dc1347\" data-element_type=\"container\" data-e-type=\"container\">\n\t\t\t\t<div class=\"elementor-element elementor-element-71456dc elementor-widget elementor-widget-html\" data-id=\"71456dc\" data-element_type=\"widget\" data-e-type=\"widget\" data-widget_type=\"html.default\">\n\t\t\t\t\t<!-- Klaviyo embedded signup form -->\n<div class=\"klaviyo-form-QRaee3\"><\/div>\n<script async src=\"https:\/\/static.klaviyo.com\/onsite\/js\/klaviyo.js?company_id=Y8Wfmc\"><\/script>\t\t\t\t<\/div>\n\t\t\t\t<\/div>\n\t\t\t\t<\/div>\n\t\t","protected":false},"excerpt":{"rendered":"<p>kONTAKT Enghaven 10, 7500 Holstebro, Danmark cooks@restaurant-cooks.dk + (45) 97 40 47 29 \u00e5BNINGSTIDER Mandag til Torsdag: 11.00 til 21:30Fredag til L\u00f8rdag: 11.00 til 22:30S\u00f8ndag: 12:00 til 21:00<\/p>\n","protected":false},"author":1,"featured_media":0,"parent":0,"menu_order":0,"comment_status":"closed","ping_status":"closed","template":"","meta":{"footnotes":""},"class_list":["post-11721","page","type-page","status-publish","hentry"],"_links":{"self":[{"href":"https:\/\/restaurantcooks.dk\/index.php?rest_route=\/wp\/v2\/pages\/11721","targetHints":{"allow":["GET"]}}],"collection":[{"href":"https:\/\/restaurantcooks.dk\/index.php?rest_route=\/wp\/v2\/pages"}],"about":[{"href":"https:\/\/restaurantcooks.dk\/index.php?rest_route=\/wp\/v2\/types\/page"}],"author":[{"embeddable":true,"href":"https:\/\/restaurantcooks.dk\/index.php?rest_route=\/wp\/v2\/users\/1"}],"replies":[{"embeddable":true,"href":"https:\/\/restaurantcooks.dk\/index.php?rest_route=%2Fwp%2Fv2%2Fcomments&post=11721"}],"version-history":[{"count":0,"href":"https:\/\/restaurantcooks.dk\/index.php?rest_route=\/wp\/v2\/pages\/11721\/revisions"}],"wp:attachment":[{"href":"https:\/\/restaurantcooks.dk\/index.php?rest_route=%2Fwp%2Fv2%2Fmedia&parent=11721"}],"curies":[{"name":"wp","href":"https:\/\/api.w.org\/{rel}","templated":true}]}}