{"id":28,"date":"2025-05-12T08:03:17","date_gmt":"2025-05-12T08:03:17","guid":{"rendered":"https:\/\/mmp2eksamen.gaiascandinavia.dk\/?page_id=28"},"modified":"2025-05-12T08:03:17","modified_gmt":"2025-05-12T08:03:17","slug":"galleri-hos-restaurant-cooks-12-magiske-glimt-af-smag-stemning","status":"publish","type":"page","link":"https:\/\/restaurantcooks.dk\/?page_id=28","title":{"rendered":"GALLERI"},"content":{"rendered":"\t\t<div data-elementor-type=\"wp-page\" data-elementor-id=\"28\" class=\"elementor elementor-28\">\n\t\t\t\t<div class=\"elementor-element elementor-element-3213bff e-flex e-con-boxed e-con e-parent\" data-id=\"3213bff\" data-element_type=\"container\" data-e-type=\"container\" data-settings=\"{&quot;background_background&quot;:&quot;classic&quot;}\">\n\t\t\t\t\t<div class=\"e-con-inner\">\n\t\t\t\t\t<\/div>\n\t\t\t\t<\/div>\n\t\t<div class=\"elementor-element elementor-element-b6d7668 e-flex e-con-boxed e-con e-parent\" data-id=\"b6d7668\" data-element_type=\"container\" data-e-type=\"container\" data-settings=\"{&quot;background_background&quot;:&quot;classic&quot;}\">\n\t\t\t\t\t<div class=\"e-con-inner\">\n\t\t\t\t<div class=\"elementor-element elementor-element-6cf18f3 elementor-widget elementor-widget-menu-anchor\" data-id=\"6cf18f3\" data-element_type=\"widget\" data-e-type=\"widget\" data-widget_type=\"menu-anchor.default\">\n\t\t\t\t\t\t\t<div class=\"elementor-menu-anchor\" id=\"mad\"><\/div>\n\t\t\t\t\t\t<\/div>\n\t\t\t\t<div class=\"elementor-element elementor-element-cc7b953 elementor-widget elementor-widget-html\" data-id=\"cc7b953\" data-element_type=\"widget\" data-e-type=\"widget\" data-widget_type=\"html.default\">\n\t\t\t\t\t<style>\n  .menu-links {\n    text-align: center;\n    margin: 0;\n    padding: 0;\n    line-height: 1;\n        padding-left: 50px; \/* HER tilf\u00f8jes luft i venstre side *\/\n  }\n\n  .menu-links a {\n    font-family: 'Roboto', sans-serif;\n    font-weight: 500;\n    font-size: 13px;\n    text-decoration: none;\n    color: #202020;\n    margin-right: 15px;\n    padding: 0;\n    display: inline-block;\n    line-height: 1.2;\n    vertical-align: middle;\n    transition: color 0.3s ease;\n  }\n\n  .menu-links a:last-child {\n    margin-right: 0;\n      margin-left: 15px; \/* tilf\u00f8jet luft f\u00f8r \"INDRETNING & STEMNING\" *\/\n  }\n  .menu-links a:hover,\n  .menu-links a:active {\n    color: #005A00;\n  }\n<\/style>\n\n<div class=\"menu-links\">\n  <a href=\"#mad\">SMAGEN AF COOKS<\/a>\n  <span class=\"separator\">|<\/span>\n  <a href=\"#indretning\">INDRETNING & STEMNING<\/a>\n<\/div>\t\t\t\t<\/div>\n\t\t\t\t<div class=\"elementor-element elementor-element-ead3720 elementor-widget__width-initial elementor-widget elementor-widget-image-gallery\" data-id=\"ead3720\" data-element_type=\"widget\" data-e-type=\"widget\" data-widget_type=\"image-gallery.default\">\n\t\t\t\t\t\t\t<div class=\"elementor-image-gallery\">\n\t\t\t\n\t\t<style type=\"text\/css\">\n\t\t\t#gallery-1 {\n\t\t\t\tmargin: auto;\n\t\t\t}\n\t\t\t#gallery-1 .gallery-item {\n\t\t\t\tfloat: left;\n\t\t\t\tmargin-top: 10px;\n\t\t\t\ttext-align: center;\n\t\t\t\twidth: 25%;\n\t\t\t}\n\t\t\t#gallery-1 img {\n\t\t\t\tborder: 2px solid #cfcfcf;\n\t\t\t}\n\t\t\t#gallery-1 .gallery-caption {\n\t\t\t\tmargin-left: 0;\n\t\t\t}\n\t\t\t\/* see gallery_shortcode() in wp-includes\/media.php *\/\n\t\t<\/style>\n\t\t<div id='gallery-1' class='gallery galleryid-28 gallery-columns-4 gallery-size-medium_large'><dl class='gallery-item'>\n\t\t\t<dt class='gallery-icon portrait'>\n\t\t\t\t<a data-elementor-open-lightbox=\"yes\" data-elementor-lightbox-slideshow=\"ead3720\" data-elementor-lightbox-title=\"Dessert til selskaber hos Restaurant Cooks\" data-elementor-lightbox-description=\"Billedet viser en l\u00e6kker hjemmelavet dessert serveret i glas p\u00e5 en sort tallerken med friske jordb\u00e6r og bl\u00e5b\u00e6r. \" data-e-action-hash=\"#elementor-action%3Aaction%3Dlightbox%26settings%3DeyJpZCI6MzM4OSwidXJsIjoiaHR0cHM6XC9cL3Jlc3RhdXJhbnRjb29rcy5ka1wvd3AtY29udGVudFwvdXBsb2Fkc1wvMjAyNVwvMDVcL1NlbHZza2FiZXJfMy53ZWJwIiwic2xpZGVzaG93IjoiZWFkMzcyMCJ9\" href='https:\/\/restaurantcooks.dk\/wp-content\/uploads\/2025\/05\/Selvskaber_3.webp'><img fetchpriority=\"high\" decoding=\"async\" width=\"680\" height=\"906\" src=\"https:\/\/restaurantcooks.dk\/wp-content\/uploads\/2025\/05\/Selvskaber_3.webp\" class=\"attachment-medium_large size-medium_large\" alt=\"Hjemmelavet dessert i glas med b\u00e6rcoulis og vaniljecreme, pyntet med mynte og friske b\u00e6r.\" aria-describedby=\"gallery-1-3389\" srcset=\"https:\/\/restaurantcooks.dk\/wp-content\/uploads\/2025\/05\/Selvskaber_3.webp 680w, https:\/\/restaurantcooks.dk\/wp-content\/uploads\/2025\/05\/Selvskaber_3-600x799.webp 600w, https:\/\/restaurantcooks.dk\/wp-content\/uploads\/2025\/05\/Selvskaber_3-225x300.webp 225w\" sizes=\"(max-width: 680px) 100vw, 680px\" \/><\/a>\n\t\t\t<\/dt>\n\t\t\t\t<dd class='wp-caption-text gallery-caption' id='gallery-1-3389'>\n\t\t\t\tRestaurant Cooks serverer elegante desserter som afslutning p\u00e5 selskabsmenuen \u2013 her med friske b\u00e6r og mynte.\n\t\t\t\t<\/dd><\/dl>\n\t\t\t<br style='clear: both' \/>\n\t\t<\/div>\n\t\t<\/div>\n\t\t\t\t\t\t<\/div>\n\t\t\t\t<div class=\"elementor-element elementor-element-0fca0b2 elementor-widget-divider--view-line elementor-widget elementor-widget-divider\" data-id=\"0fca0b2\" data-element_type=\"widget\" data-e-type=\"widget\" data-widget_type=\"divider.default\">\n\t\t\t\t\t\t\t<div class=\"elementor-divider\">\n\t\t\t<span class=\"elementor-divider-separator\">\n\t\t\t\t\t\t<\/span>\n\t\t<\/div>\n\t\t\t\t\t\t<\/div>\n\t\t\t\t<div class=\"elementor-element elementor-element-0151952 elementor-widget elementor-widget-heading\" data-id=\"0151952\" data-element_type=\"widget\" data-e-type=\"widget\" data-widget_type=\"heading.default\">\n\t\t\t\t\t<h2 class=\"elementor-heading-title elementor-size-default\">SMAGEN AF COOKS<\/h2>\t\t\t\t<\/div>\n\t\t\t\t\t<\/div>\n\t\t\t\t<\/div>\n\t\t<div class=\"elementor-element elementor-element-22c2fff e-flex e-con-boxed e-con e-parent\" data-id=\"22c2fff\" data-element_type=\"container\" data-e-type=\"container\" data-settings=\"{&quot;background_background&quot;:&quot;classic&quot;}\">\n\t\t\t\t\t<div class=\"e-con-inner\">\n\t\t\t\t\t<\/div>\n\t\t\t\t<\/div>\n\t\t<div class=\"elementor-element elementor-element-9327a45 e-flex e-con-boxed e-con e-parent\" data-id=\"9327a45\" data-element_type=\"container\" data-e-type=\"container\" data-settings=\"{&quot;background_background&quot;:&quot;classic&quot;}\">\n\t\t\t\t\t<div class=\"e-con-inner\">\n\t\t\t\t<div class=\"elementor-element elementor-element-12b5f97 elementor-widget elementor-widget-menu-anchor\" data-id=\"12b5f97\" data-element_type=\"widget\" data-e-type=\"widget\" data-widget_type=\"menu-anchor.default\">\n\t\t\t\t\t\t\t<div class=\"elementor-menu-anchor\" id=\"indretning\"><\/div>\n\t\t\t\t\t\t<\/div>\n\t\t\t\t<div class=\"elementor-element elementor-element-66bf896 elementor-widget__width-initial elementor-widget elementor-widget-image-gallery\" data-id=\"66bf896\" data-element_type=\"widget\" data-e-type=\"widget\" data-widget_type=\"image-gallery.default\">\n\t\t\t\t\t\t\t<div class=\"elementor-image-gallery\">\n\t\t\t\n\t\t<style type=\"text\/css\">\n\t\t\t#gallery-2 {\n\t\t\t\tmargin: auto;\n\t\t\t}\n\t\t\t#gallery-2 .gallery-item {\n\t\t\t\tfloat: left;\n\t\t\t\tmargin-top: 10px;\n\t\t\t\ttext-align: center;\n\t\t\t\twidth: 25%;\n\t\t\t}\n\t\t\t#gallery-2 img {\n\t\t\t\tborder: 2px solid #cfcfcf;\n\t\t\t}\n\t\t\t#gallery-2 .gallery-caption {\n\t\t\t\tmargin-left: 0;\n\t\t\t}\n\t\t\t\/* see gallery_shortcode() in wp-includes\/media.php *\/\n\t\t<\/style>\n\t\t<div id='gallery-2' class='gallery galleryid-28 gallery-columns-4 gallery-size-medium_large'><dl class='gallery-item'>\n\t\t\t<dt class='gallery-icon portrait'>\n\t\t\t\t<a data-elementor-open-lightbox=\"yes\" data-elementor-lightbox-slideshow=\"66bf896\" data-elementor-lightbox-title=\"D\u00e6kket bord til selskab | Restaurant Cooks Holstebro\" data-elementor-lightbox-description=\"Billedet viser et langbord d\u00e6kket op til selskab hos Restaurant Cooks i Holstebro. Der er pynt med menukort, gaveposer, servietter og gr\u00f8nne dekorationer.\" data-e-action-hash=\"#elementor-action%3Aaction%3Dlightbox%26settings%3DeyJpZCI6MjI5MywidXJsIjoiaHR0cHM6XC9cL3Jlc3RhdXJhbnRjb29rcy5ka1wvd3AtY29udGVudFwvdXBsb2Fkc1wvMjAyNVwvMDVcLzQ5NTQ5OTgwOV8xODUwMDU1MzI2ODAzNjk2M185MTQ3NjcxMTY3NTQ5NzQyNzcyX24ud2VicCIsInNsaWRlc2hvdyI6IjY2YmY4OTYifQ%3D%3D\" href='https:\/\/restaurantcooks.dk\/wp-content\/uploads\/2025\/05\/495499809_18500553268036963_9147671167549742772_n.webp'><img decoding=\"async\" width=\"768\" height=\"960\" src=\"https:\/\/restaurantcooks.dk\/wp-content\/uploads\/2025\/05\/495499809_18500553268036963_9147671167549742772_n-768x960.webp\" class=\"attachment-medium_large size-medium_large\" alt=\"Festligt d\u00e6kket bord i selskabslokalet hos Restaurant Cooks med menukort og gaveposer\" aria-describedby=\"gallery-2-2293\" srcset=\"https:\/\/restaurantcooks.dk\/wp-content\/uploads\/2025\/05\/495499809_18500553268036963_9147671167549742772_n-768x960.webp 768w, https:\/\/restaurantcooks.dk\/wp-content\/uploads\/2025\/05\/495499809_18500553268036963_9147671167549742772_n-600x750.webp 600w, https:\/\/restaurantcooks.dk\/wp-content\/uploads\/2025\/05\/495499809_18500553268036963_9147671167549742772_n-240x300.webp 240w, https:\/\/restaurantcooks.dk\/wp-content\/uploads\/2025\/05\/495499809_18500553268036963_9147671167549742772_n-819x1024.webp 819w, https:\/\/restaurantcooks.dk\/wp-content\/uploads\/2025\/05\/495499809_18500553268036963_9147671167549742772_n-1229x1536.webp 1229w, https:\/\/restaurantcooks.dk\/wp-content\/uploads\/2025\/05\/495499809_18500553268036963_9147671167549742772_n.webp 1440w\" sizes=\"(max-width: 768px) 100vw, 768px\" \/><\/a>\n\t\t\t<\/dt>\n\t\t\t\t<dd class='wp-caption-text gallery-caption' id='gallery-2-2293'>\n\t\t\t\tPersonlig bordd\u00e6kning til selskaber hos Restaurant Cooks \u2013 perfekt til festlige lejligheder og middage.\n\t\t\t\t<\/dd><\/dl><dl class='gallery-item'>\n\t\t\t<dt class='gallery-icon portrait'>\n\t\t\t\t<a data-elementor-open-lightbox=\"yes\" data-elementor-lightbox-slideshow=\"66bf896\" data-elementor-lightbox-title=\"Opd\u00e6kning med sorte tallerkener og rosmarin.\" data-elementor-lightbox-description=\"Billedet viser et elegant og stemningsfuldt d\u00e6kket selskabsbord hos Restaurant Cook\u2019s i Holstebro, klar til g\u00e6ster med sort service, vinglas og blomster i d\u00e6mpet belysning.\" data-e-action-hash=\"#elementor-action%3Aaction%3Dlightbox%26settings%3DeyJpZCI6MTMyMywidXJsIjoiaHR0cHM6XC9cL3Jlc3RhdXJhbnRjb29rcy5ka1wvd3AtY29udGVudFwvdXBsb2Fkc1wvMjAyNVwvMDVcLzEud2VicCIsInNsaWRlc2hvdyI6IjY2YmY4OTYifQ%3D%3D\" href='https:\/\/restaurantcooks.dk\/wp-content\/uploads\/2025\/05\/1.webp'><img decoding=\"async\" width=\"720\" height=\"960\" src=\"https:\/\/restaurantcooks.dk\/wp-content\/uploads\/2025\/05\/1.webp\" class=\"attachment-medium_large size-medium_large\" alt=\"Langt d\u00e6kket selskabsbord med sort service, vinglas og blomsterdekorationer.\" aria-describedby=\"gallery-2-1323\" srcset=\"https:\/\/restaurantcooks.dk\/wp-content\/uploads\/2025\/05\/1.webp 720w, https:\/\/restaurantcooks.dk\/wp-content\/uploads\/2025\/05\/1-600x800.webp 600w, https:\/\/restaurantcooks.dk\/wp-content\/uploads\/2025\/05\/1-225x300.webp 225w\" sizes=\"(max-width: 720px) 100vw, 720px\" \/><\/a>\n\t\t\t<\/dt>\n\t\t\t\t<dd class='wp-caption-text gallery-caption' id='gallery-2-1323'>\n\t\t\t\tStemningsfuldt d\u00e6kket selskabsbord hos Restaurant Cook\u2019s.\n\t\t\t\t<\/dd><\/dl><dl class='gallery-item'>\n\t\t\t<dt class='gallery-icon portrait'>\n\t\t\t\t<a data-elementor-open-lightbox=\"yes\" data-elementor-lightbox-slideshow=\"66bf896\" data-elementor-lightbox-title=\"Udend\u00f8rs spiseomr\u00e5de | Restaurant Cooks Holstebro\" data-elementor-lightbox-description=\"Foto af Restaurant Cooks&#039; terrasse med borde, stole og tr\u00e6b\u00e6nke i Holstebro. Perfekt til g\u00e6stebilleder, galleri eller pr\u00e6sentation af udend\u00f8rsfaciliteter p\u00e5 hjemmesiden.\" data-e-action-hash=\"#elementor-action%3Aaction%3Dlightbox%26settings%3DeyJpZCI6MjI4NSwidXJsIjoiaHR0cHM6XC9cL3Jlc3RhdXJhbnRjb29rcy5ka1wvd3AtY29udGVudFwvdXBsb2Fkc1wvMjAyNVwvMDVcLzY2Mzk4MTczXzIzNjAzMjc1NjczODc5MzBfNzY1ODk3ODg5MTMzMTAxMDU2MF9uLndlYnAiLCJzbGlkZXNob3ciOiI2NmJmODk2In0%3D\" href='https:\/\/restaurantcooks.dk\/wp-content\/uploads\/2025\/05\/66398173_2360327567387930_7658978891331010560_n.webp'><img loading=\"lazy\" decoding=\"async\" width=\"720\" height=\"960\" src=\"https:\/\/restaurantcooks.dk\/wp-content\/uploads\/2025\/05\/66398173_2360327567387930_7658978891331010560_n.webp\" class=\"attachment-medium_large size-medium_large\" alt=\"Udend\u00f8rs serveringsomr\u00e5de med caf\u00e9borde og stole foran Restaurant Cooks i Holstebro.\" aria-describedby=\"gallery-2-2285\" srcset=\"https:\/\/restaurantcooks.dk\/wp-content\/uploads\/2025\/05\/66398173_2360327567387930_7658978891331010560_n.webp 720w, https:\/\/restaurantcooks.dk\/wp-content\/uploads\/2025\/05\/66398173_2360327567387930_7658978891331010560_n-600x800.webp 600w, https:\/\/restaurantcooks.dk\/wp-content\/uploads\/2025\/05\/66398173_2360327567387930_7658978891331010560_n-225x300.webp 225w\" sizes=\"(max-width: 720px) 100vw, 720px\" \/><\/a>\n\t\t\t<\/dt>\n\t\t\t\t<dd class='wp-caption-text gallery-caption' id='gallery-2-2285'>\n\t\t\t\tVores hyggelige terrasse er \u00e5ben i sommerhalv\u00e5ret \u2013 perfekt til frokost, kaffe eller middag i det fri.\n\t\t\t\t<\/dd><\/dl>\n\t\t\t<br style='clear: both' \/>\n\t\t<\/div>\n\t\t<\/div>\n\t\t\t\t\t\t<\/div>\n\t\t\t\t<div class=\"elementor-element elementor-element-21d66e8 elementor-widget__width-inherit elementor-widget elementor-widget-heading\" data-id=\"21d66e8\" data-element_type=\"widget\" data-e-type=\"widget\" data-widget_type=\"heading.default\">\n\t\t\t\t\t<h2 class=\"elementor-heading-title elementor-size-default\">INDRETNING &amp; STEMNING<\/h2>\t\t\t\t<\/div>\n\t\t\t\t\t<\/div>\n\t\t\t\t<\/div>\n\t\t<div class=\"elementor-element elementor-element-3a547eb5 e-con-full e-flex e-con e-parent\" data-id=\"3a547eb5\" data-element_type=\"container\" data-e-type=\"container\">\n\t\t\t\t<div class=\"elementor-element elementor-element-967f1f1 elementor-widget-mobile__width-inherit elementor-widget elementor-widget-html\" data-id=\"967f1f1\" data-element_type=\"widget\" data-e-type=\"widget\" data-widget_type=\"html.default\">\n\t\t\t\t\t<!-- Klaviyo embedded signup form -->\n<div class=\"klaviyo-form-QRaee3\"><\/div>\n<script async src=\"https:\/\/static.klaviyo.com\/onsite\/js\/klaviyo.js?company_id=Y8Wfmc\"><\/script>\t\t\t\t<\/div>\n\t\t\t\t<\/div>\n\t\t\t\t<\/div>\n\t\t","protected":false},"excerpt":{"rendered":"<p>SMAGEN AF COOKS | INDRETNING &#038; STEMNING H\u00e5ndlavet b\u00e5ndpasta vendt i cremet sauce med svampe og asparges \u2013 toppet med mikrogr\u00f8nt og friskrevet ost. Spr\u00f8d pizza toppet med salami, tomater, l\u00f8g og friske gr\u00f8nne blade \u2013 serveret hos Cooks. Frisklavet burger med smeltet ost, spr\u00f8d salat og h\u00e5ndsk\u00e5rne s\u00f8de kartofler. Pasta serveret i fyldig tomatsauce [&hellip;]<\/p>\n","protected":false},"author":1,"featured_media":0,"parent":0,"menu_order":0,"comment_status":"closed","ping_status":"closed","template":"","meta":{"footnotes":""},"class_list":["post-28","page","type-page","status-publish","hentry"],"_links":{"self":[{"href":"https:\/\/restaurantcooks.dk\/index.php?rest_route=\/wp\/v2\/pages\/28","targetHints":{"allow":["GET"]}}],"collection":[{"href":"https:\/\/restaurantcooks.dk\/index.php?rest_route=\/wp\/v2\/pages"}],"about":[{"href":"https:\/\/restaurantcooks.dk\/index.php?rest_route=\/wp\/v2\/types\/page"}],"author":[{"embeddable":true,"href":"https:\/\/restaurantcooks.dk\/index.php?rest_route=\/wp\/v2\/users\/1"}],"replies":[{"embeddable":true,"href":"https:\/\/restaurantcooks.dk\/index.php?rest_route=%2Fwp%2Fv2%2Fcomments&post=28"}],"version-history":[{"count":0,"href":"https:\/\/restaurantcooks.dk\/index.php?rest_route=\/wp\/v2\/pages\/28\/revisions"}],"wp:attachment":[{"href":"https:\/\/restaurantcooks.dk\/index.php?rest_route=%2Fwp%2Fv2%2Fmedia&parent=28"}],"curies":[{"name":"wp","href":"https:\/\/api.w.org\/{rel}","templated":true}]}}